{"id":968,"date":"2025-11-27T17:33:54","date_gmt":"2025-11-27T16:33:54","guid":{"rendered":"https:\/\/www.kocherhans.ch\/team-mitglied\/?page_id=968"},"modified":"2025-11-28T16:06:22","modified_gmt":"2025-11-28T15:06:22","slug":"qr-code","status":"publish","type":"page","link":"https:\/\/www.kocherhans.ch\/team-mitglied\/michael-schaefler\/qr-code\/","title":{"rendered":"QR-Code"},"content":{"rendered":"\t\t<div data-elementor-type=\"wp-page\" data-elementor-id=\"968\" class=\"elementor elementor-968\" data-elementor-post-type=\"page\">\n\t\t\t\t<div class=\"elementor-element elementor-element-0220abc e-flex e-con-boxed e-con e-parent\" data-id=\"0220abc\" data-element_type=\"container\" data-settings=\"{&quot;background_background&quot;:&quot;classic&quot;}\">\n\t\t\t\t\t<div class=\"e-con-inner\">\n\t\t<div class=\"elementor-element elementor-element-450a134 e-con-full e-flex e-con e-child\" data-id=\"450a134\" data-element_type=\"container\" data-settings=\"{&quot;background_background&quot;:&quot;classic&quot;}\">\n\t\t<div class=\"elementor-element elementor-element-aa28b11 e-con-full e-flex e-con e-child\" data-id=\"aa28b11\" data-element_type=\"container\">\n\t\t<div class=\"elementor-element elementor-element-63cb416 e-con-full e-flex e-con e-child\" data-id=\"63cb416\" data-element_type=\"container\">\n\t\t\t\t<div class=\"elementor-element elementor-element-8202ca8 elementor-widget elementor-widget-heading\" data-id=\"8202ca8\" data-element_type=\"widget\" data-widget_type=\"heading.default\">\n\t\t\t\t<div class=\"elementor-widget-container\">\n\t\t\t\t\t<div class=\"elementor-heading-title elementor-size-default\">Michael Sch\u00e4fler<\/div>\t\t\t\t<\/div>\n\t\t\t\t<\/div>\n\t\t\t\t<div class=\"elementor-element elementor-element-ef1086d elementor-widget elementor-widget-heading\" data-id=\"ef1086d\" data-element_type=\"widget\" data-widget_type=\"heading.default\">\n\t\t\t\t<div class=\"elementor-widget-container\">\n\t\t\t\t\t<div class=\"elementor-heading-title elementor-size-default\">Leiter Technik und Innovationen<\/div>\t\t\t\t<\/div>\n\t\t\t\t<\/div>\n\t\t\t\t<div class=\"elementor-element elementor-element-534ac92 elementor-widget elementor-widget-heading\" data-id=\"534ac92\" data-element_type=\"widget\" data-widget_type=\"heading.default\">\n\t\t\t\t<div class=\"elementor-widget-container\">\n\t\t\t\t\t<div class=\"elementor-heading-title elementor-size-default\">Mitglied der Gesch\u00e4ftsleitung<\/div>\t\t\t\t<\/div>\n\t\t\t\t<\/div>\n\t\t\t\t<\/div>\n\t\t\t\t<\/div>\n\t\t\t\t<div class=\"elementor-element elementor-element-2ef930e elementor-widget elementor-widget-image\" data-id=\"2ef930e\" data-element_type=\"widget\" data-widget_type=\"image.default\">\n\t\t\t\t<div class=\"elementor-widget-container\">\n\t\t\t\t\t\t\t\t\t\t\t\t\t\t\t<img fetchpriority=\"high\" decoding=\"async\" width=\"512\" height=\"512\" src=\"https:\/\/www.kocherhans.ch\/team-mitglied\/wp-content\/uploads\/2025\/11\/michael-schaefler.png\" class=\"attachment-full size-full wp-image-1049\" alt=\"\" srcset=\"https:\/\/www.kocherhans.ch\/team-mitglied\/wp-content\/uploads\/2025\/11\/michael-schaefler.png 512w, https:\/\/www.kocherhans.ch\/team-mitglied\/wp-content\/uploads\/2025\/11\/michael-schaefler-300x300.png 300w, https:\/\/www.kocherhans.ch\/team-mitglied\/wp-content\/uploads\/2025\/11\/michael-schaefler-150x150.png 150w\" sizes=\"(max-width: 512px) 100vw, 512px\" \/>\t\t\t\t\t\t\t\t\t\t\t\t\t\t\t<\/div>\n\t\t\t\t<\/div>\n\t\t<div class=\"elementor-element elementor-element-a569cd4 e-con-full e-flex e-con e-child\" data-id=\"a569cd4\" data-element_type=\"container\">\n\t\t<div class=\"elementor-element elementor-element-fb841f2 e-con-full e-flex e-con e-child\" data-id=\"fb841f2\" data-element_type=\"container\">\n\t\t\t\t<div class=\"elementor-element elementor-element-826ddbb elementor-widget elementor-widget-heading\" data-id=\"826ddbb\" data-element_type=\"widget\" data-widget_type=\"heading.default\">\n\t\t\t\t<div class=\"elementor-widget-container\">\n\t\t\t\t\t<div class=\"elementor-heading-title elementor-size-default\">Kocherhans AG<\/div>\t\t\t\t<\/div>\n\t\t\t\t<\/div>\n\t\t\t\t<\/div>\n\t\t<div class=\"elementor-element elementor-element-5c38764 e-con-full e-flex e-con e-child\" data-id=\"5c38764\" data-element_type=\"container\">\n\t\t\t\t<\/div>\n\t\t\t\t<\/div>\n\t\t\t\t<\/div>\n\t\t\t\t<div class=\"elementor-element elementor-element-1f9b46e elementor-icon-list--layout-traditional elementor-list-item-link-full_width elementor-widget elementor-widget-icon-list\" data-id=\"1f9b46e\" data-element_type=\"widget\" data-widget_type=\"icon-list.default\">\n\t\t\t\t<div class=\"elementor-widget-container\">\n\t\t\t\t\t\t\t<ul class=\"elementor-icon-list-items\">\n\t\t\t\t\t\t\t<li class=\"elementor-icon-list-item\">\n\t\t\t\t\t\t\t\t\t\t\t<a href=\"\/team-mitglied\/michael-schaefler\/\">\n\n\t\t\t\t\t\t\t\t\t\t\t\t<span class=\"elementor-icon-list-icon\">\n\t\t\t\t\t\t\t<svg aria-hidden=\"true\" class=\"e-font-icon-svg e-far-arrow-alt-circle-left\" viewBox=\"0 0 512 512\" xmlns=\"http:\/\/www.w3.org\/2000\/svg\"><path d=\"M8 256c0 137 111 248 248 248s248-111 248-248S393 8 256 8 8 119 8 256zm448 0c0 110.5-89.5 200-200 200S56 366.5 56 256 145.5 56 256 56s200 89.5 200 200zm-72-20v40c0 6.6-5.4 12-12 12H256v67c0 10.7-12.9 16-20.5 8.5l-99-99c-4.7-4.7-4.7-12.3 0-17l99-99c7.6-7.6 20.5-2.2 20.5 8.5v67h116c6.6 0 12 5.4 12 12z\"><\/path><\/svg>\t\t\t\t\t\t<\/span>\n\t\t\t\t\t\t\t\t\t\t<span class=\"elementor-icon-list-text\">Zur\u00fcck<\/span>\n\t\t\t\t\t\t\t\t\t\t\t<\/a>\n\t\t\t\t\t\t\t\t\t<\/li>\n\t\t\t\t\t\t<\/ul>\n\t\t\t\t\t\t<\/div>\n\t\t\t\t<\/div>\n\t\t\t\t\t<\/div>\n\t\t\t\t<\/div>\n\t\t\t\t<\/div>\n\t\t","protected":false},"excerpt":{"rendered":"<p>Michael Sch\u00e4fler Leiter Technik und Innovationen Mitglied der Gesch\u00e4ftsleitung Kocherhans AG Zur\u00fcck<\/p>\n","protected":false},"author":4,"featured_media":0,"parent":947,"menu_order":0,"comment_status":"closed","ping_status":"closed","template":"elementor_canvas","meta":{"inline_featured_image":false,"footnotes":""},"seitentyp":[],"class_list":["post-968","page","type-page","status-publish","hentry"],"_links":{"self":[{"href":"https:\/\/www.kocherhans.ch\/team-mitglied\/wp-json\/wp\/v2\/pages\/968","targetHints":{"allow":["GET"]}}],"collection":[{"href":"https:\/\/www.kocherhans.ch\/team-mitglied\/wp-json\/wp\/v2\/pages"}],"about":[{"href":"https:\/\/www.kocherhans.ch\/team-mitglied\/wp-json\/wp\/v2\/types\/page"}],"author":[{"embeddable":true,"href":"https:\/\/www.kocherhans.ch\/team-mitglied\/wp-json\/wp\/v2\/users\/4"}],"replies":[{"embeddable":true,"href":"https:\/\/www.kocherhans.ch\/team-mitglied\/wp-json\/wp\/v2\/comments?post=968"}],"version-history":[{"count":10,"href":"https:\/\/www.kocherhans.ch\/team-mitglied\/wp-json\/wp\/v2\/pages\/968\/revisions"}],"predecessor-version":[{"id":1111,"href":"https:\/\/www.kocherhans.ch\/team-mitglied\/wp-json\/wp\/v2\/pages\/968\/revisions\/1111"}],"up":[{"embeddable":true,"href":"https:\/\/www.kocherhans.ch\/team-mitglied\/wp-json\/wp\/v2\/pages\/947"}],"wp:attachment":[{"href":"https:\/\/www.kocherhans.ch\/team-mitglied\/wp-json\/wp\/v2\/media?parent=968"}],"wp:term":[{"taxonomy":"seitentyp","embeddable":true,"href":"https:\/\/www.kocherhans.ch\/team-mitglied\/wp-json\/wp\/v2\/seitentyp?post=968"}],"curies":[{"name":"wp","href":"https:\/\/api.w.org\/{rel}","templated":true}]}}