{"id":539,"date":"2024-11-01T11:43:50","date_gmt":"2024-11-01T10:43:50","guid":{"rendered":"https:\/\/team.gut-werbung.ch\/?page_id=539"},"modified":"2025-12-12T10:27:26","modified_gmt":"2025-12-12T09:27:26","slug":"home","status":"publish","type":"page","link":"https:\/\/www.kocherhans.ch\/team-mitglied\/","title":{"rendered":"\u00dcbersicht"},"content":{"rendered":"<p><a href=\"https:\/\/www.kocherhans.ch\/team-mitglied\/benjamin-birkle\/\">Benjamin Birkle<\/a><br \/>\n<a href=\"https:\/\/www.kocherhans.ch\/team-mitglied\/daniel-grando\/\">Daniel Grando<\/a><br \/>\n<a href=\"https:\/\/www.kocherhans.ch\/team-mitglied\/desiree-prevot\/\">D\u00e9sir\u00e9e Pr\u00eavot<\/a><br \/>\n<a href=\"https:\/\/www.kocherhans.ch\/team-mitglied\/fahridin-kulijci\/\">Fahridin Kulijci<\/a><br \/>\n<a href=\"https:\/\/www.kocherhans.ch\/team-mitglied\/hannes-luethi\/\">Hannes L\u00fcthi<\/a><br \/>\n<a href=\"https:\/\/www.kocherhans.ch\/team-mitglied\/heinz-widmer\/\">Heinz Widmer<\/a><br \/>\n<a href=\"https:\/\/www.kocherhans.ch\/team-mitglied\/ilaria-de-fusco\/\">Ilaria De Fusco<\/a><br \/>\n<a href=\"https:\/\/www.kocherhans.ch\/team-mitglied\/juerg-kocherhans\/\">J\u00fcrg Kocherhans<\/a><br \/>\n<a href=\"https:\/\/www.kocherhans.ch\/team-mitglied\/manuel-zbinden\/\">Manuel Zbinden<\/a><br \/>\n<a href=\"https:\/\/www.kocherhans.ch\/team-mitglied\/manuel-wissler\/\">Manuel Wissler<\/a><br \/>\n<a href=\"https:\/\/www.kocherhans.ch\/team-mitglied\/marion-sturzenegger\/\">Marion Sturzenegger<\/a><br \/>\n<a href=\"https:\/\/www.kocherhans.ch\/team-mitglied\/michael-schaefler\/\">Michael Sch\u00e4fler<\/a><br \/>\n<a href=\"https:\/\/www.kocherhans.ch\/team-mitglied\/peter-stacher\/\">Peter Stacher<\/a><br \/>\n<a href=\"https:\/\/www.kocherhans.ch\/team-mitglied\/reto-kohler\/\">Reto Kohler<\/a><br \/>\n<a href=\"https:\/\/www.kocherhans.ch\/team-mitglied\/robin-hermann\/\">Robin Hermann<\/a><br \/>\n<a href=\"https:\/\/www.kocherhans.ch\/team-mitglied\/roger-behrendt\/\">Roger Behrendt<\/a><br \/>\n<a href=\"https:\/\/www.kocherhans.ch\/team-mitglied\/sacha-stadler\/\">Sacha Stadler<\/a><br \/>\n<a href=\"https:\/\/www.kocherhans.ch\/team-mitglied\/simone-kocherhans\/\">Simone Kocherhans<\/a><br \/>\n<a href=\"https:\/\/www.kocherhans.ch\/team-mitglied\/stefan-gmeiner\/\">Stefan Gmeiner<\/a><br \/>\n<a href=\"https:\/\/www.kocherhans.ch\/team-mitglied\/thomas-moser\/\">Thomas Moser<\/a><br \/>\n<a href=\"https:\/\/www.kocherhans.ch\/team-mitglied\/timo-sengle\/\">Timo Sengle<\/a><br \/>\n<a href=\"https:\/\/www.kocherhans.ch\/team-mitglied\/yanik-egloff\/\">Yanik Egloff<\/a><br \/>\n<a href=\"https:\/\/www.kocherhans.ch\/team-mitglied\/yves-kocherhans\/\">Yves Kocherhans<\/a><\/p>\n","protected":false},"excerpt":{"rendered":"<p>Benjamin Birkle Daniel Grando D\u00e9sir\u00e9e Pr\u00eavot Fahridin Kulijci Hannes L\u00fcthi Heinz Widmer Ilaria De Fusco J\u00fcrg Kocherhans Manuel Zbinden Manuel Wissler Marion Sturzenegger Michael Sch\u00e4fler Peter Stacher Reto Kohler Robin Hermann Roger Behrendt Sacha Stadler Simone Kocherhans Stefan Gmeiner Thomas Moser Timo Sengle Yanik Egloff Yves Kocherhans<\/p>\n","protected":false},"author":4,"featured_media":0,"parent":0,"menu_order":0,"comment_status":"closed","ping_status":"closed","template":"","meta":{"inline_featured_image":false,"footnotes":""},"seitentyp":[],"class_list":["post-539","page","type-page","status-publish","hentry"],"_links":{"self":[{"href":"https:\/\/www.kocherhans.ch\/team-mitglied\/wp-json\/wp\/v2\/pages\/539","targetHints":{"allow":["GET"]}}],"collection":[{"href":"https:\/\/www.kocherhans.ch\/team-mitglied\/wp-json\/wp\/v2\/pages"}],"about":[{"href":"https:\/\/www.kocherhans.ch\/team-mitglied\/wp-json\/wp\/v2\/types\/page"}],"author":[{"embeddable":true,"href":"https:\/\/www.kocherhans.ch\/team-mitglied\/wp-json\/wp\/v2\/users\/4"}],"replies":[{"embeddable":true,"href":"https:\/\/www.kocherhans.ch\/team-mitglied\/wp-json\/wp\/v2\/comments?post=539"}],"version-history":[{"count":16,"href":"https:\/\/www.kocherhans.ch\/team-mitglied\/wp-json\/wp\/v2\/pages\/539\/revisions"}],"predecessor-version":[{"id":1227,"href":"https:\/\/www.kocherhans.ch\/team-mitglied\/wp-json\/wp\/v2\/pages\/539\/revisions\/1227"}],"wp:attachment":[{"href":"https:\/\/www.kocherhans.ch\/team-mitglied\/wp-json\/wp\/v2\/media?parent=539"}],"wp:term":[{"taxonomy":"seitentyp","embeddable":true,"href":"https:\/\/www.kocherhans.ch\/team-mitglied\/wp-json\/wp\/v2\/seitentyp?post=539"}],"curies":[{"name":"wp","href":"https:\/\/api.w.org\/{rel}","templated":true}]}}