{"id":1167,"date":"2025-12-11T13:21:39","date_gmt":"2025-12-11T12:21:39","guid":{"rendered":"https:\/\/www.kocherhans.ch\/team-mitglied\/?page_id=1167"},"modified":"2025-12-11T13:41:25","modified_gmt":"2025-12-11T12:41:25","slug":"desiree-prevot","status":"publish","type":"page","link":"https:\/\/www.kocherhans.ch\/team-mitglied\/desiree-prevot\/","title":{"rendered":"D\u00e9sir\u00e9e Pr\u00e9v\u00f4t"},"content":{"rendered":"","protected":false},"excerpt":{"rendered":"","protected":false},"author":4,"featured_media":826,"parent":0,"menu_order":10,"comment_status":"closed","ping_status":"closed","template":"elementor_theme","meta":{"inline_featured_image":false,"footnotes":""},"seitentyp":[5],"class_list":["post-1167","page","type-page","status-publish","has-post-thumbnail","hentry","seitentyp-person"],"_links":{"self":[{"href":"https:\/\/www.kocherhans.ch\/team-mitglied\/wp-json\/wp\/v2\/pages\/1167","targetHints":{"allow":["GET"]}}],"collection":[{"href":"https:\/\/www.kocherhans.ch\/team-mitglied\/wp-json\/wp\/v2\/pages"}],"about":[{"href":"https:\/\/www.kocherhans.ch\/team-mitglied\/wp-json\/wp\/v2\/types\/page"}],"author":[{"embeddable":true,"href":"https:\/\/www.kocherhans.ch\/team-mitglied\/wp-json\/wp\/v2\/users\/4"}],"replies":[{"embeddable":true,"href":"https:\/\/www.kocherhans.ch\/team-mitglied\/wp-json\/wp\/v2\/comments?post=1167"}],"version-history":[{"count":1,"href":"https:\/\/www.kocherhans.ch\/team-mitglied\/wp-json\/wp\/v2\/pages\/1167\/revisions"}],"predecessor-version":[{"id":1185,"href":"https:\/\/www.kocherhans.ch\/team-mitglied\/wp-json\/wp\/v2\/pages\/1167\/revisions\/1185"}],"wp:featuredmedia":[{"embeddable":true,"href":"https:\/\/www.kocherhans.ch\/team-mitglied\/wp-json\/wp\/v2\/media\/826"}],"wp:attachment":[{"href":"https:\/\/www.kocherhans.ch\/team-mitglied\/wp-json\/wp\/v2\/media?parent=1167"}],"wp:term":[{"taxonomy":"seitentyp","embeddable":true,"href":"https:\/\/www.kocherhans.ch\/team-mitglied\/wp-json\/wp\/v2\/seitentyp?post=1167"}],"curies":[{"name":"wp","href":"https:\/\/api.w.org\/{rel}","templated":true}]}}